{"id":3787,"date":"2017-12-07T13:30:10","date_gmt":"2017-12-07T21:30:10","guid":{"rendered":"http:\/\/localhost\/store\/?post_type=product&#038;p=3787"},"modified":"2026-04-09T11:35:57","modified_gmt":"2026-04-09T19:35:57","slug":"otb175-02","status":"publish","type":"product","link":"https:\/\/opentextbook.docsol.sfu.ca\/store\/product\/otb175-02\/","title":{"rendered":"Complexit\u00e9s, Capacit\u00e9s, Communaut\u00e9s &#8211; Changer le discours sur le d\u00e9veloppement dans l\u2019\u00e9ducation, la protection et le d\u00e9veloppement de la petite enfance"},"content":{"rendered":"","protected":false},"excerpt":{"rendered":"<p><em>University of Victoria<\/em><\/p>\n","protected":false},"featured_media":4686,"template":"","meta":[],"product_brand":[],"product_cat":[114,46],"product_tag":[],"class_list":{"0":"post-3787","1":"product","2":"type-product","3":"status-publish","4":"has-post-thumbnail","6":"product_cat-ece","7":"product_cat-french","8":"pa_colour-or-bw-bw","9":"wcpv_product_vendors-bccampus","11":"first","12":"instock","13":"taxable","14":"shipping-taxable","15":"purchasable","16":"product-type-variable","17":"has-default-attributes"},"_links":{"self":[{"href":"https:\/\/opentextbook.docsol.sfu.ca\/store\/wp-json\/wp\/v2\/product\/3787","targetHints":{"allow":["GET"]}}],"collection":[{"href":"https:\/\/opentextbook.docsol.sfu.ca\/store\/wp-json\/wp\/v2\/product"}],"about":[{"href":"https:\/\/opentextbook.docsol.sfu.ca\/store\/wp-json\/wp\/v2\/types\/product"}],"wp:featuredmedia":[{"embeddable":true,"href":"https:\/\/opentextbook.docsol.sfu.ca\/store\/wp-json\/wp\/v2\/media\/4686"}],"wp:attachment":[{"href":"https:\/\/opentextbook.docsol.sfu.ca\/store\/wp-json\/wp\/v2\/media?parent=3787"}],"wp:term":[{"taxonomy":"product_brand","embeddable":true,"href":"https:\/\/opentextbook.docsol.sfu.ca\/store\/wp-json\/wp\/v2\/product_brand?post=3787"},{"taxonomy":"product_cat","embeddable":true,"href":"https:\/\/opentextbook.docsol.sfu.ca\/store\/wp-json\/wp\/v2\/product_cat?post=3787"},{"taxonomy":"product_tag","embeddable":true,"href":"https:\/\/opentextbook.docsol.sfu.ca\/store\/wp-json\/wp\/v2\/product_tag?post=3787"}],"curies":[{"name":"wp","href":"https:\/\/api.w.org\/{rel}","templated":true}]}}