{"id":10436,"date":"2024-06-06T15:39:28","date_gmt":"2024-06-06T23:39:28","guid":{"rendered":"https:\/\/opentextbook.docsol.sfu.ca\/store\/?post_type=product&#038;p=10436"},"modified":"2024-07-08T11:17:43","modified_gmt":"2024-07-08T19:17:43","slug":"ccs-028-01","status":"publish","type":"product","link":"https:\/\/opentextbook.docsol.sfu.ca\/store\/product\/ccs-028-01\/","title":{"rendered":"Comunica\u00e7\u00e3o, relacionamentos saud\u00e1veis e consentimento"},"content":{"rendered":"","protected":false},"excerpt":{"rendered":"<p>Intersectional Sexualized Violence Project \u2013 International Student Resource Development Team (2024)<\/p>\n","protected":false},"featured_media":10439,"template":"","meta":[],"product_brand":[],"product_cat":[136],"product_tag":[],"class_list":{"0":"post-10436","1":"product","2":"type-product","3":"status-publish","4":"has-post-thumbnail","6":"product_cat-campus-community-support","7":"product_shipping_class-pds","8":"wcpv_product_vendors-bccampus","10":"first","11":"instock","12":"taxable","13":"shipping-taxable","14":"purchasable","15":"product-type-variable"},"_links":{"self":[{"href":"https:\/\/opentextbook.docsol.sfu.ca\/store\/wp-json\/wp\/v2\/product\/10436","targetHints":{"allow":["GET"]}}],"collection":[{"href":"https:\/\/opentextbook.docsol.sfu.ca\/store\/wp-json\/wp\/v2\/product"}],"about":[{"href":"https:\/\/opentextbook.docsol.sfu.ca\/store\/wp-json\/wp\/v2\/types\/product"}],"wp:featuredmedia":[{"embeddable":true,"href":"https:\/\/opentextbook.docsol.sfu.ca\/store\/wp-json\/wp\/v2\/media\/10439"}],"wp:attachment":[{"href":"https:\/\/opentextbook.docsol.sfu.ca\/store\/wp-json\/wp\/v2\/media?parent=10436"}],"wp:term":[{"taxonomy":"product_brand","embeddable":true,"href":"https:\/\/opentextbook.docsol.sfu.ca\/store\/wp-json\/wp\/v2\/product_brand?post=10436"},{"taxonomy":"product_cat","embeddable":true,"href":"https:\/\/opentextbook.docsol.sfu.ca\/store\/wp-json\/wp\/v2\/product_cat?post=10436"},{"taxonomy":"product_tag","embeddable":true,"href":"https:\/\/opentextbook.docsol.sfu.ca\/store\/wp-json\/wp\/v2\/product_tag?post=10436"}],"curies":[{"name":"wp","href":"https:\/\/api.w.org\/{rel}","templated":true}]}}